{"id":11752,"date":"2022-04-21T08:02:54","date_gmt":"2022-04-21T08:02:54","guid":{"rendered":"https:\/\/ensolva.com\/kontakt-podrske\/"},"modified":"2022-04-21T09:49:15","modified_gmt":"2022-04-21T09:49:15","slug":"kontakt-podrske","status":"publish","type":"page","link":"https:\/\/ensolva.com\/hr\/kontakt-podrske\/","title":{"rendered":"Kontakt podr\u0161ke"},"content":{"rendered":"\t\t<div data-elementor-type=\"wp-page\" data-elementor-id=\"11752\" class=\"elementor elementor-11752 elementor-11667\" data-elementor-post-type=\"page\">\n\t\t\t\t\t\t<section data-particle_enable=\"false\" data-particle-mobile-disabled=\"false\" class=\"elementor-section elementor-top-section elementor-element elementor-element-2788c04 elementor-section-boxed elementor-section-height-default elementor-section-height-default\" data-id=\"2788c04\" data-element_type=\"section\" data-settings=\"{&quot;background_background&quot;:&quot;classic&quot;}\">\n\t\t\t\t\t\t<div class=\"elementor-container elementor-column-gap-default\">\n\t\t\t\t\t<div class=\"elementor-column elementor-col-100 elementor-top-column elementor-element elementor-element-23c6f64\" data-id=\"23c6f64\" data-element_type=\"column\" data-settings=\"{&quot;background_background&quot;:&quot;classic&quot;}\">\n\t\t\t<div class=\"elementor-widget-wrap elementor-element-populated\">\n\t\t\t\t\t\t<div class=\"elementor-element elementor-element-32ebc39 elementor-widget elementor-widget-heading\" data-id=\"32ebc39\" data-element_type=\"widget\" data-widget_type=\"heading.default\">\n\t\t\t\t<div class=\"elementor-widget-container\">\n\t\t\t\t\t<h2 class=\"elementor-heading-title elementor-size-default\">Kontaktirajte nas!<\/h2>\t\t\t\t<\/div>\n\t\t\t\t<\/div>\n\t\t\t\t<div class=\"elementor-element elementor-element-356869e0 elementor-widget elementor-widget-text-editor\" data-id=\"356869e0\" data-element_type=\"widget\" data-widget_type=\"text-editor.default\">\n\t\t\t\t<div class=\"elementor-widget-container\">\n\t\t\t\t\t\t\t\t\t<p>Ensolva centar za podr\u0161ku<\/p>\t\t\t\t\t\t\t\t<\/div>\n\t\t\t\t<\/div>\n\t\t\t\t\t<\/div>\n\t\t<\/div>\n\t\t\t\t\t<\/div>\n\t\t<\/section>\n\t\t\t\t<section data-particle_enable=\"false\" data-particle-mobile-disabled=\"false\" class=\"elementor-section elementor-top-section elementor-element elementor-element-73e4e5f7 elementor-reverse-tablet elementor-reverse-mobile elementor-section-boxed elementor-section-height-default elementor-section-height-default\" data-id=\"73e4e5f7\" data-element_type=\"section\" data-settings=\"{&quot;background_background&quot;:&quot;classic&quot;}\">\n\t\t\t\t\t\t<div class=\"elementor-container elementor-column-gap-default\">\n\t\t\t\t\t<div class=\"elementor-column elementor-col-50 elementor-top-column elementor-element elementor-element-51021776\" data-id=\"51021776\" data-element_type=\"column\">\n\t\t\t<div class=\"elementor-widget-wrap elementor-element-populated\">\n\t\t\t\t\t\t<div class=\"elementor-element elementor-element-3adf7aa elementor-widget elementor-widget-shortcode\" data-id=\"3adf7aa\" data-element_type=\"widget\" data-settings=\"{&quot;sticky&quot;:&quot;top&quot;,&quot;sticky_parent&quot;:&quot;yes&quot;,&quot;sticky_on&quot;:[&quot;desktop&quot;,&quot;tablet&quot;,&quot;mobile&quot;],&quot;sticky_offset&quot;:0,&quot;sticky_effects_offset&quot;:0,&quot;sticky_anchor_link_offset&quot;:0}\" data-widget_type=\"shortcode.default\">\n\t\t\t\t<div class=\"elementor-widget-container\">\n\t\t\t\t\t\t\t<div class=\"elementor-shortcode\">\n<div class=\"wpcf7 no-js\" id=\"wpcf7-f11751-o1\" lang=\"hr\" dir=\"ltr\" data-wpcf7-id=\"11751\">\n<div class=\"screen-reader-response\"><p role=\"status\" aria-live=\"polite\" aria-atomic=\"true\"><\/p> <ul><\/ul><\/div>\n<form action=\"\/hr\/wp-json\/wp\/v2\/pages\/11752#wpcf7-f11751-o1\" method=\"post\" class=\"wpcf7-form init\" aria-label=\"Kontakt obrazac\" enctype=\"multipart\/form-data\" novalidate=\"novalidate\" data-status=\"init\">\n<fieldset class=\"hidden-fields-container\"><input type=\"hidden\" name=\"_wpcf7\" value=\"11751\" \/><input type=\"hidden\" name=\"_wpcf7_version\" value=\"6.1\" \/><input type=\"hidden\" name=\"_wpcf7_locale\" value=\"hr\" \/><input type=\"hidden\" name=\"_wpcf7_unit_tag\" value=\"wpcf7-f11751-o1\" \/><input type=\"hidden\" name=\"_wpcf7_container_post\" value=\"0\" \/><input type=\"hidden\" name=\"_wpcf7_posted_data_hash\" value=\"\" \/><input type=\"hidden\" name=\"_wpcf7dtx_version\" value=\"5.0.3\" \/>\n<\/fieldset>\n<p><label class=\"ensolva-cont\"><span class=\"label\">IME<\/span> <span class=\"wpcf7-form-control-wrap\" data-name=\"your-name\"><input size=\"40\" maxlength=\"400\" class=\"wpcf7-form-control wpcf7-text\" aria-invalid=\"false\" value=\"\" type=\"text\" name=\"your-name\" \/><\/span> <\/label>\n<\/p>\n<p><label class=\"ensolva-cont\"><span class=\"label\">TVRTKA <\/span> <span class=\"wpcf7-form-control-wrap\" data-name=\"your-company\"><input size=\"40\" maxlength=\"400\" class=\"wpcf7-form-control wpcf7-text\" aria-invalid=\"false\" value=\"\" type=\"text\" name=\"your-company\" \/><\/span> <\/label>\n<\/p>\n<p><label class=\"ensolva-cont\"><span class=\"label\">KORISNI\u010cKO IME <\/span> <span class=\"wpcf7-form-control-wrap\" data-name=\"your-username\"><input size=\"40\" maxlength=\"400\" class=\"wpcf7-form-control wpcf7-text\" aria-invalid=\"false\" value=\"\" type=\"text\" name=\"your-username\" \/><\/span> <\/label>\n<\/p>\n<p><label class=\"ensolva-cont\"><span class=\"label\">E-MAIL <\/span> <span class=\"wpcf7-form-control-wrap\" data-name=\"your-email\"><input size=\"40\" maxlength=\"400\" class=\"wpcf7-form-control wpcf7-email wpcf7-validates-as-required wpcf7-text wpcf7-validates-as-email\" aria-required=\"true\" aria-invalid=\"false\" value=\"\" type=\"email\" name=\"your-email\" \/><\/span> <\/label>\n<\/p>\n<p><label class=\"ensolva-cont\"><span class=\"label\">OPIS PROBLEMA <\/span> <span class=\"wpcf7-form-control-wrap\" data-name=\"your-message\"><textarea cols=\"40\" rows=\"10\" maxlength=\"2000\" class=\"wpcf7-form-control wpcf7-textarea\" aria-invalid=\"false\" name=\"your-message\"><\/textarea><\/span> <\/label>\n<\/p>\n<p><label class=\"ensolva-cont\"><span class=\"label\">DATUM PROBLEMA <\/span> <span class=\"wpcf7-form-control-wrap\" data-name=\"your-date\"><input class=\"wpcf7-form-control wpcf7-date wpcf7-validates-as-date\" aria-invalid=\"false\" value=\"\" type=\"date\" name=\"your-date\" \/><\/span><\/label>\n<\/p>\n<p><label style=\"margin-top:10px\"><span class=\"label\">SLIKA EKRANA<\/span><\/label>\n<\/p>\n<div style=\"padding-top:2px; padding-bottom: 10px\">\n\t<p><span class=\"wpcf7-form-control-wrap\" data-name=\"your-file\"><input size=\"40\" class=\"wpcf7-form-control wpcf7-file\" accept=\"audio\/*,video\/*,image\/*\" aria-invalid=\"false\" type=\"file\" name=\"your-file\" \/><\/span>\n\t<\/p>\n<\/div>\n<div class=\"checkbox-hint-container\" style=\"margin-top:20px\">\n\t<div class=\"newsletter-checkbox\">\n\t\t<p><span class=\"wpcf7-form-control-wrap\" data-name=\"accept-this\"><span class=\"wpcf7-form-control wpcf7-acceptance\"><span class=\"wpcf7-list-item\"><input type=\"checkbox\" name=\"accept-this\" value=\"1\" id=\"gdpr-checkbox-support\" aria-invalid=\"false\" \/><\/span><\/span><\/span>\n\t\t<\/p>\n\t<\/div>\n\t<div class=\"newsletter-hint\">\n\t\t<p><label for=\"gdpr-checkbox-support\" style=\"cursor:pointer; transform:translateY(-1px)\">Pro\u010ditao sam i prihva\u0107am <a class=\"pravila-link private-policy-link\" href=\"\/privacy-policy\/\">pravila privatnosti<\/a><\/label>\n\t\t<\/p>\n\t<\/div>\n<\/div>\n<div class=\"checkbox-hint-container\">\n\t<p><span class=\"wpcf7-form-control-wrap\" data-name=\"newsletter-accept\"><span class=\"wpcf7-form-control wpcf7-checkbox\"><span class=\"wpcf7-list-item first last\"><label><input type=\"checkbox\" name=\"newsletter-accept[]\" value=\"I want to recieve Newsletter\" \/><span class=\"wpcf7-list-item-label\">I want to recieve Newsletter<\/span><\/label><\/span><\/span><\/span>\n\t<\/p>\n<\/div>\n<div class=\"wpcf7-turnstile cf-turnstile\" data-sitekey=\"0x4AAAAAAB_LOPlZqPGE0q-x\" data-response-field-name=\"_wpcf7_turnstile_response\"><\/div>\n<div class=\"contact-button\" style=\"margin-top:20px\">\n\t<p><input class=\"wpcf7-form-control wpcf7-submit has-spinner\" type=\"submit\" value=\"Send message\" \/>\n\t<\/p>\n<\/div><div class=\"wpcf7-response-output\" aria-hidden=\"true\"><\/div>\n<\/form>\n<\/div>\n<\/div>\n\t\t\t\t\t\t<\/div>\n\t\t\t\t<\/div>\n\t\t\t\t\t<\/div>\n\t\t<\/div>\n\t\t\t\t<div class=\"elementor-column elementor-col-50 elementor-top-column elementor-element elementor-element-588b4ae9\" data-id=\"588b4ae9\" data-element_type=\"column\">\n\t\t\t<div class=\"elementor-widget-wrap elementor-element-populated\">\n\t\t\t\t\t\t<section data-particle_enable=\"false\" data-particle-mobile-disabled=\"false\" class=\"elementor-section elementor-inner-section elementor-element elementor-element-11eedf9 elementor-section-boxed elementor-section-height-default elementor-section-height-default\" data-id=\"11eedf9\" data-element_type=\"section\" data-settings=\"{&quot;sticky&quot;:&quot;top&quot;,&quot;sticky_on&quot;:[&quot;desktop&quot;],&quot;sticky_offset&quot;:135,&quot;sticky_parent&quot;:&quot;yes&quot;,&quot;sticky_effects_offset&quot;:0,&quot;sticky_anchor_link_offset&quot;:0}\">\n\t\t\t\t\t\t<div class=\"elementor-container elementor-column-gap-default\">\n\t\t\t\t\t<div class=\"elementor-column elementor-col-100 elementor-inner-column elementor-element elementor-element-64b049c\" data-id=\"64b049c\" data-element_type=\"column\">\n\t\t\t<div class=\"elementor-widget-wrap elementor-element-populated\">\n\t\t\t\t\t\t<div class=\"elementor-element elementor-element-fef06fd elementor-widget elementor-widget-heading\" data-id=\"fef06fd\" data-element_type=\"widget\" data-widget_type=\"heading.default\">\n\t\t\t\t<div class=\"elementor-widget-container\">\n\t\t\t\t\t<h2 class=\"elementor-heading-title elementor-size-default\">Upute<\/h2>\t\t\t\t<\/div>\n\t\t\t\t<\/div>\n\t\t\t\t<div class=\"elementor-element elementor-element-f91d6e7 elementor-widget elementor-widget-text-editor\" data-id=\"f91d6e7\" data-element_type=\"widget\" data-widget_type=\"text-editor.default\">\n\t\t\t\t<div class=\"elementor-widget-container\">\n\t\t\t\t\t\t\t\t\t<p>Molimo da svoj upit opi\u0161ete \u0161to bolje, ako se radi o problemu u radu aplikacije opi\u0161ite kako dolazi do problema, odnosno kako se problem mo\u017ee reproducirati. Zbog jednostavnijeg rje\u0161avanja problema mo\u017eete prilo\u017eiti i sliku ekrana na kojem se vidi kako se problem o\u010dituje, ako \u017eelite prilo\u017eiti vi\u0161e slika ili dokumenata molimo da ih komprimirate u arhivu (pomo\u0107u programa kao \u0161to su WinRar, WinZip ili 7-zip).<\/p><p>Na Va\u0161 upit odgovorit \u0107emo u najkra\u0107em mogu\u0107em roku u redovnom radnom vremenu korisni\u010dke podr\u0161ke od ponedjeljka do petka 8-16.<\/p>\t\t\t\t\t\t\t\t<\/div>\n\t\t\t\t<\/div>\n\t\t\t\t\t<\/div>\n\t\t<\/div>\n\t\t\t\t\t<\/div>\n\t\t<\/section>\n\t\t\t\t\t<\/div>\n\t\t<\/div>\n\t\t\t\t\t<\/div>\n\t\t<\/section>\n\t\t\t\t<\/div>\n\t\t","protected":false},"excerpt":{"rendered":"<p>Kontaktirajte nas! Ensolva centar za podr\u0161ku Upute Molimo da svoj upit opi\u0161ete \u0161to bolje, ako se radi o problemu u radu aplikacije opi\u0161ite kako dolazi do problema, odnosno kako se problem mo\u017ee reproducirati. Zbog jednostavnijeg rje\u0161avanja problema mo\u017eete prilo\u017eiti i sliku ekrana na kojem se vidi kako se problem o\u010dituje, ako \u017eelite prilo\u017eiti vi\u0161e slika [&hellip;]<\/p>\n","protected":false},"author":6,"featured_media":0,"parent":0,"menu_order":0,"comment_status":"closed","ping_status":"closed","template":"","meta":{"_acf_changed":false,"inline_featured_image":false,"footnotes":""},"class_list":["post-11752","page","type-page","status-publish","hentry"],"acf":[],"yoast_head":"<!-- This site is optimized with the Yoast SEO plugin v25.6 - https:\/\/yoast.com\/wordpress\/plugins\/seo\/ -->\r\n<title>Kontakt podr\u0161ke | Ensolva<\/title>\r\n<meta name=\"robots\" content=\"index, follow, max-snippet:-1, max-image-preview:large, max-video-preview:-1\" \/>\r\n<link rel=\"canonical\" href=\"https:\/\/ensolva.com\/hr\/kontakt-podrske\/\" \/>\r\n<meta property=\"og:locale\" content=\"hr_HR\" \/>\r\n<meta property=\"og:type\" content=\"article\" \/>\r\n<meta property=\"og:title\" content=\"Kontakt podr\u0161ke | Ensolva\" \/>\r\n<meta property=\"og:description\" content=\"Kontaktirajte nas! Ensolva centar za podr\u0161ku Upute Molimo da svoj upit opi\u0161ete \u0161to bolje, ako se radi o problemu u radu aplikacije opi\u0161ite kako dolazi do problema, odnosno kako se problem mo\u017ee reproducirati. Zbog jednostavnijeg rje\u0161avanja problema mo\u017eete prilo\u017eiti i sliku ekrana na kojem se vidi kako se problem o\u010dituje, ako \u017eelite prilo\u017eiti vi\u0161e slika [&hellip;]\" \/>\r\n<meta property=\"og:url\" content=\"https:\/\/ensolva.com\/hr\/kontakt-podrske\/\" \/>\r\n<meta property=\"og:site_name\" content=\"Ensolva\" \/>\r\n<meta property=\"article:modified_time\" content=\"2022-04-21T09:49:15+00:00\" \/>\r\n<meta name=\"twitter:card\" content=\"summary_large_image\" \/>\r\n<meta name=\"twitter:label1\" content=\"Procijenjeno vrijeme \u010ditanja\" \/>\n\t<meta name=\"twitter:data1\" content=\"1 minuta\" \/>\r\n<script type=\"application\/ld+json\" class=\"yoast-schema-graph\">{\"@context\":\"https:\/\/schema.org\",\"@graph\":[{\"@type\":\"WebPage\",\"@id\":\"https:\/\/ensolva.com\/hr\/kontakt-podrske\/\",\"url\":\"https:\/\/ensolva.com\/hr\/kontakt-podrske\/\",\"name\":\"Kontakt podr\u0161ke | Ensolva\",\"isPartOf\":{\"@id\":\"https:\/\/ensolva.com\/hr\/#website\"},\"datePublished\":\"2022-04-21T08:02:54+00:00\",\"dateModified\":\"2022-04-21T09:49:15+00:00\",\"breadcrumb\":{\"@id\":\"https:\/\/ensolva.com\/hr\/kontakt-podrske\/#breadcrumb\"},\"inLanguage\":\"hr\",\"potentialAction\":[{\"@type\":\"ReadAction\",\"target\":[\"https:\/\/ensolva.com\/hr\/kontakt-podrske\/\"]}]},{\"@type\":\"BreadcrumbList\",\"@id\":\"https:\/\/ensolva.com\/hr\/kontakt-podrske\/#breadcrumb\",\"itemListElement\":[{\"@type\":\"ListItem\",\"position\":1,\"name\":\"Home\",\"item\":\"https:\/\/ensolva.com\/hr\/\"},{\"@type\":\"ListItem\",\"position\":2,\"name\":\"Kontakt podr\u0161ke\"}]},{\"@type\":\"WebSite\",\"@id\":\"https:\/\/ensolva.com\/hr\/#website\",\"url\":\"https:\/\/ensolva.com\/hr\/\",\"name\":\"Ensolva\",\"description\":\"\",\"publisher\":{\"@id\":\"https:\/\/ensolva.com\/hr\/#organization\"},\"potentialAction\":[{\"@type\":\"SearchAction\",\"target\":{\"@type\":\"EntryPoint\",\"urlTemplate\":\"https:\/\/ensolva.com\/hr\/?s={search_term_string}\"},\"query-input\":{\"@type\":\"PropertyValueSpecification\",\"valueRequired\":true,\"valueName\":\"search_term_string\"}}],\"inLanguage\":\"hr\"},{\"@type\":\"Organization\",\"@id\":\"https:\/\/ensolva.com\/hr\/#organization\",\"name\":\"Ensolva\",\"url\":\"https:\/\/ensolva.com\/hr\/\",\"logo\":{\"@type\":\"ImageObject\",\"inLanguage\":\"hr\",\"@id\":\"https:\/\/ensolva.com\/hr\/#\/schema\/logo\/image\/\",\"url\":\"https:\/\/ensolva.com\/wp-content\/uploads\/2022\/03\/logo.svg\",\"contentUrl\":\"https:\/\/ensolva.com\/wp-content\/uploads\/2022\/03\/logo.svg\",\"width\":181,\"height\":37,\"caption\":\"Ensolva\"},\"image\":{\"@id\":\"https:\/\/ensolva.com\/hr\/#\/schema\/logo\/image\/\"}}]}<\/script>\r\n<!-- \/ Yoast SEO plugin. -->","yoast_head_json":{"title":"Kontakt podr\u0161ke | Ensolva","robots":{"index":"index","follow":"follow","max-snippet":"max-snippet:-1","max-image-preview":"max-image-preview:large","max-video-preview":"max-video-preview:-1"},"canonical":"https:\/\/ensolva.com\/hr\/kontakt-podrske\/","og_locale":"hr_HR","og_type":"article","og_title":"Kontakt podr\u0161ke | Ensolva","og_description":"Kontaktirajte nas! Ensolva centar za podr\u0161ku Upute Molimo da svoj upit opi\u0161ete \u0161to bolje, ako se radi o problemu u radu aplikacije opi\u0161ite kako dolazi do problema, odnosno kako se problem mo\u017ee reproducirati. Zbog jednostavnijeg rje\u0161avanja problema mo\u017eete prilo\u017eiti i sliku ekrana na kojem se vidi kako se problem o\u010dituje, ako \u017eelite prilo\u017eiti vi\u0161e slika [&hellip;]","og_url":"https:\/\/ensolva.com\/hr\/kontakt-podrske\/","og_site_name":"Ensolva","article_modified_time":"2022-04-21T09:49:15+00:00","twitter_card":"summary_large_image","twitter_misc":{"Procijenjeno vrijeme \u010ditanja":"1 minuta"},"schema":{"@context":"https:\/\/schema.org","@graph":[{"@type":"WebPage","@id":"https:\/\/ensolva.com\/hr\/kontakt-podrske\/","url":"https:\/\/ensolva.com\/hr\/kontakt-podrske\/","name":"Kontakt podr\u0161ke | Ensolva","isPartOf":{"@id":"https:\/\/ensolva.com\/hr\/#website"},"datePublished":"2022-04-21T08:02:54+00:00","dateModified":"2022-04-21T09:49:15+00:00","breadcrumb":{"@id":"https:\/\/ensolva.com\/hr\/kontakt-podrske\/#breadcrumb"},"inLanguage":"hr","potentialAction":[{"@type":"ReadAction","target":["https:\/\/ensolva.com\/hr\/kontakt-podrske\/"]}]},{"@type":"BreadcrumbList","@id":"https:\/\/ensolva.com\/hr\/kontakt-podrske\/#breadcrumb","itemListElement":[{"@type":"ListItem","position":1,"name":"Home","item":"https:\/\/ensolva.com\/hr\/"},{"@type":"ListItem","position":2,"name":"Kontakt podr\u0161ke"}]},{"@type":"WebSite","@id":"https:\/\/ensolva.com\/hr\/#website","url":"https:\/\/ensolva.com\/hr\/","name":"Ensolva","description":"","publisher":{"@id":"https:\/\/ensolva.com\/hr\/#organization"},"potentialAction":[{"@type":"SearchAction","target":{"@type":"EntryPoint","urlTemplate":"https:\/\/ensolva.com\/hr\/?s={search_term_string}"},"query-input":{"@type":"PropertyValueSpecification","valueRequired":true,"valueName":"search_term_string"}}],"inLanguage":"hr"},{"@type":"Organization","@id":"https:\/\/ensolva.com\/hr\/#organization","name":"Ensolva","url":"https:\/\/ensolva.com\/hr\/","logo":{"@type":"ImageObject","inLanguage":"hr","@id":"https:\/\/ensolva.com\/hr\/#\/schema\/logo\/image\/","url":"https:\/\/ensolva.com\/wp-content\/uploads\/2022\/03\/logo.svg","contentUrl":"https:\/\/ensolva.com\/wp-content\/uploads\/2022\/03\/logo.svg","width":181,"height":37,"caption":"Ensolva"},"image":{"@id":"https:\/\/ensolva.com\/hr\/#\/schema\/logo\/image\/"}}]}},"_links":{"self":[{"href":"https:\/\/ensolva.com\/hr\/wp-json\/wp\/v2\/pages\/11752","targetHints":{"allow":["GET"]}}],"collection":[{"href":"https:\/\/ensolva.com\/hr\/wp-json\/wp\/v2\/pages"}],"about":[{"href":"https:\/\/ensolva.com\/hr\/wp-json\/wp\/v2\/types\/page"}],"author":[{"embeddable":true,"href":"https:\/\/ensolva.com\/hr\/wp-json\/wp\/v2\/users\/6"}],"replies":[{"embeddable":true,"href":"https:\/\/ensolva.com\/hr\/wp-json\/wp\/v2\/comments?post=11752"}],"version-history":[{"count":3,"href":"https:\/\/ensolva.com\/hr\/wp-json\/wp\/v2\/pages\/11752\/revisions"}],"predecessor-version":[{"id":11755,"href":"https:\/\/ensolva.com\/hr\/wp-json\/wp\/v2\/pages\/11752\/revisions\/11755"}],"wp:attachment":[{"href":"https:\/\/ensolva.com\/hr\/wp-json\/wp\/v2\/media?parent=11752"}],"curies":[{"name":"wp","href":"https:\/\/api.w.org\/{rel}","templated":true}]}}